{"id":6265,"date":"2021-02-03T09:07:07","date_gmt":"2021-02-03T09:07:07","guid":{"rendered":"https:\/\/dommo.es\/kitchen-doors\/"},"modified":"2022-02-09T14:40:32","modified_gmt":"2022-02-09T14:40:32","slug":"kitchen-doors","status":"publish","type":"page","link":"https:\/\/dommo.es\/en\/kitchen-doors\/","title":{"rendered":"KITCHEN DOORS"},"content":{"rendered":"<p>[vc_row up_bg_fix=&#8221;yes&#8221; css=&#8221;.vc_custom_1612364752859{background-image: url(https:\/\/dommo.es\/wp-content\/uploads\/2020\/08\/nueva-colonial_0002_2030230_coc01_1648_colonial-det03.jpg?id=4711) !important;background-position: center !important;background-repeat: no-repeat !important;background-size: cover !important;}&#8221; up_overlay_row=&#8221;rgba(31,40,47,0.9)&#8221;][vc_column width=&#8221;1\/6&#8243;][\/vc_column][vc_column width=&#8221;2\/3&#8243;][vc_empty_space height=&#8221;100px&#8221; emsmh=&#8221;100px&#8221;][vc_custom_heading text=&#8221;KITCHEN DOORS&#8221; font_container=&#8221;tag:h1|text_align:center|color:%23ffffff&#8221; use_theme_fonts=&#8221;yes&#8221; el_class=&#8221;tin&#8221;][argu_separator sepopt=&#8221;simple&#8221; bordersep=&#8221;sep_border&#8221; css_animation=&#8221;appear&#8221; borderpos=&#8221;bpc&#8221; top=&#8221;10&#8243; bottom=&#8221;20&#8243; borderwidth=&#8221;62&#8243; bordercolor=&#8221;#d5ac63&#8243; bordertick=&#8221;3&#8243;][vc_custom_heading text=&#8221;&#8220;living the kitchen&#8220;&#8221; font_container=&#8221;tag:h3|text_align:center|color:%23ffffff&#8221; use_theme_fonts=&#8221;yes&#8221;][vc_empty_space height=&#8221;100px&#8221; emsmh=&#8221;80px&#8221;][\/vc_column][vc_column width=&#8221;1\/6&#8243;][\/vc_column][\/vc_row][vc_row][vc_column][vc_custom_heading text=&#8221;You are about to discover the kitchen in which you will live the most unforgettable moments of your life.&#8221; font_container=&#8221;tag:h2|text_align:center&#8221; use_theme_fonts=&#8221;yes&#8221; css=&#8221;.vc_custom_1598368980134{margin-top: 30px !important;margin-bottom: 30px !important;}&#8221;][vc_column_text]Dommo is the first Spanish company in the kitchen sector to use the Big Data as a base to create its collection. This complex study, combined to an experienced design department leads to a unique collection of doors and finishes.<\/p>\n<p>The door collection, in colors and finishes carefully selected, marks the trend to each kitchen design, giving rise to a range that will allow you to configure the kitchen of your dreams[\/vc_column_text][vc_empty_space height=&#8221;40px&#8221;][vc_column_text]<\/p>\n<p style=\"text-align: center; font-size: 24px;\"><span style=\"color: #d5ac63;\">&#8220;Dommo allows each client to customize the product and the finishes to their needs, studying trends and preferences, along with their personal style and lifestyle&#8221;<\/span><\/p>\n<p>[\/vc_column_text][vc_empty_space height=&#8221;60px&#8221;][\/vc_column][\/vc_row][vc_row el_class=&#8221;shadow&#8221;][vc_column][vc_empty_space height=&#8221;30px&#8221; emsmh=&#8221;40px&#8221;][vc_custom_heading text=&#8221;Collections&#8221; font_container=&#8221;tag:h2|text_align:center&#8221; use_theme_fonts=&#8221;yes&#8221; css=&#8221;.vc_custom_1612364683868{margin-top: 30px !important;margin-bottom: 30px !important;}&#8221;][vc_empty_space height=&#8221;30px&#8221; emsmh=&#8221;40px&#8221;][vc_row_inner][vc_column_inner width=&#8221;1\/4&#8243;][vc_single_image image=&#8221;5346&#8243; img_size=&#8221;full&#8221; alignment=&#8221;center&#8221; onclick=&#8221;custom_link&#8221; link=&#8221;https:%2F%2Fdommo.es%2Fpuertas-de-cocina%2Fneon%2F|&#8221;][argu_heading_button align=&#8221;center&#8221; heading=&#8221;NE\u00d3N&#8221; size=&#8221;20&#8243;][vc_empty_space height=&#8221;20px&#8221; emsmh=&#8221;30px&#8221;][\/vc_column_inner][vc_column_inner width=&#8221;1\/4&#8243;][vc_single_image image=&#8221;5366&#8243; img_size=&#8221;full&#8221; alignment=&#8221;center&#8221; onclick=&#8221;custom_link&#8221; link=&#8221;https:%2F%2Fdommo.es%2Fpuertas-de-cocina%2Fozono%2F|&#8221;][argu_heading_button align=&#8221;center&#8221; heading=&#8221;OZONO&#8221; size=&#8221;20&#8243;][vc_empty_space height=&#8221;20px&#8221; emsmh=&#8221;30px&#8221;][\/vc_column_inner][vc_column_inner width=&#8221;1\/4&#8243;][vc_single_image image=&#8221;5081&#8243; img_size=&#8221;full&#8221; alignment=&#8221;center&#8221; onclick=&#8221;custom_link&#8221; link=&#8221;https:%2F%2Fdommo.es%2Fpuertas-de-cocina%2Fbromo%2F|&#8221;][argu_heading_button align=&#8221;center&#8221; heading=&#8221;BROMO&#8221; size=&#8221;20&#8243;][vc_empty_space height=&#8221;20px&#8221; emsmh=&#8221;30px&#8221;][\/vc_column_inner][vc_column_inner width=&#8221;1\/4&#8243;][vc_single_image image=&#8221;5086&#8243; img_size=&#8221;full&#8221; alignment=&#8221;center&#8221; onclick=&#8221;custom_link&#8221; link=&#8221;https:%2F%2Fdommo.es%2Fpuertas-de-cocina%2Fhelio%2F|&#8221;][argu_heading_button align=&#8221;center&#8221; heading=&#8221;HELIO&#8221; size=&#8221;20&#8243;][vc_empty_space height=&#8221;20px&#8221; emsmh=&#8221;30px&#8221;][\/vc_column_inner][\/vc_row_inner][vc_row_inner][vc_column_inner width=&#8221;1\/4&#8243; css=&#8221;.vc_custom_1612348787785{padding-right: 20px !important;padding-left: 20px !important;}&#8221;][vc_single_image image=&#8221;5222&#8243; img_size=&#8221;full&#8221; alignment=&#8221;center&#8221; onclick=&#8221;custom_link&#8221; link=&#8221;https:%2F%2Fdommo.es%2Fpuertas-de-cocina%2Fxenon%2F|&#8221;][argu_heading_button align=&#8221;center&#8221; heading=&#8221;XEN\u00d3N&#8221; size=&#8221;20&#8243;][vc_empty_space height=&#8221;20px&#8221; emsmh=&#8221;30px&#8221;][\/vc_column_inner][vc_column_inner width=&#8221;1\/4&#8243;][vc_single_image image=&#8221;5235&#8243; img_size=&#8221;full&#8221; alignment=&#8221;center&#8221; onclick=&#8221;custom_link&#8221; link=&#8221;https:%2F%2Fdommo.es%2Fpuertas-de-cocina%2Flitio%2F|&#8221;][argu_heading_button align=&#8221;center&#8221; heading=&#8221;LITIO&#8221; size=&#8221;20&#8243;][vc_empty_space height=&#8221;20px&#8221; emsmh=&#8221;30px&#8221;][\/vc_column_inner][vc_column_inner width=&#8221;1\/4&#8243;][vc_single_image image=&#8221;5259&#8243; img_size=&#8221;full&#8221; alignment=&#8221;center&#8221; onclick=&#8221;custom_link&#8221; link=&#8221;https:%2F%2Fdommo.es%2Fpuertas-de-cocina%2Ffenix%2F|&#8221;][argu_heading_button align=&#8221;center&#8221; heading=&#8221;F\u00c9NIX&#8221; size=&#8221;20&#8243;][vc_empty_space height=&#8221;20px&#8221; emsmh=&#8221;30px&#8221;][\/vc_column_inner][vc_column_inner width=&#8221;1\/4&#8243;][vc_single_image image=&#8221;5269&#8243; img_size=&#8221;full&#8221; alignment=&#8221;center&#8221; onclick=&#8221;custom_link&#8221; link=&#8221;https:%2F%2Fdommo.es%2Fpuertas-de-cocina%2Ffluor%2F|&#8221;][argu_heading_button align=&#8221;center&#8221; heading=&#8221;FL\u00daOR&#8221; size=&#8221;20&#8243;][vc_empty_space height=&#8221;20px&#8221; emsmh=&#8221;30px&#8221;][\/vc_column_inner][\/vc_row_inner][vc_row_inner][vc_column_inner width=&#8221;1\/4&#8243; css=&#8221;.vc_custom_1612348787785{padding-right: 20px !important;padding-left: 20px !important;}&#8221;][vc_single_image image=&#8221;5276&#8243; img_size=&#8221;full&#8221; alignment=&#8221;center&#8221; onclick=&#8221;custom_link&#8221; link=&#8221;https:%2F%2Fdommo.es%2Fpuertas-de-cocina%2Fniquel%2F|&#8221;][argu_heading_button align=&#8221;center&#8221; heading=&#8221;N\u00cdQUEL&#8221; size=&#8221;20&#8243;][vc_empty_space height=&#8221;20px&#8221; emsmh=&#8221;30px&#8221;][\/vc_column_inner][vc_column_inner width=&#8221;1\/4&#8243;][vc_single_image image=&#8221;5284&#8243; img_size=&#8221;full&#8221; alignment=&#8221;center&#8221; onclick=&#8221;custom_link&#8221; link=&#8221;https:%2F%2Fdommo.es%2Fpuertas-de-cocina%2Fmercury%2F|&#8221;][argu_heading_button align=&#8221;center&#8221; heading=&#8221;MERCURY&#8221; size=&#8221;20&#8243;][vc_empty_space height=&#8221;20px&#8221; emsmh=&#8221;30px&#8221;][\/vc_column_inner][vc_column_inner width=&#8221;1\/4&#8243;][vc_single_image image=&#8221;5291&#8243; img_size=&#8221;full&#8221; alignment=&#8221;center&#8221; onclick=&#8221;custom_link&#8221; link=&#8221;https:%2F%2Fdommo.es%2Fpuertas-de-cocina%2Flantano%2F|&#8221;][argu_heading_button align=&#8221;center&#8221; heading=&#8221;LANTANO&#8221; size=&#8221;20&#8243;][vc_empty_space height=&#8221;20px&#8221; emsmh=&#8221;30px&#8221;][\/vc_column_inner][vc_column_inner width=&#8221;1\/4&#8243;][vc_single_image image=&#8221;5303&#8243; img_size=&#8221;full&#8221; alignment=&#8221;center&#8221; onclick=&#8221;custom_link&#8221; link=&#8221;https:%2F%2Fdommo.es%2Fpuertas-de-cocina%2Ffortypull%2F|&#8221;][argu_heading_button align=&#8221;center&#8221; heading=&#8221;FORTYPULL&#8221; size=&#8221;20&#8243;][vc_empty_space height=&#8221;20px&#8221; emsmh=&#8221;30px&#8221;][\/vc_column_inner][\/vc_row_inner][vc_row_inner][vc_column_inner width=&#8221;1\/4&#8243; css=&#8221;.vc_custom_1612348787785{padding-right: 20px !important;padding-left: 20px !important;}&#8221;][vc_single_image image=&#8221;5318&#8243; img_size=&#8221;full&#8221; alignment=&#8221;center&#8221; onclick=&#8221;custom_link&#8221; link=&#8221;https:%2F%2Fdommo.es%2Fpuertas-de-cocina%2Ftiradores-y-uneros%2F|&#8221;][argu_heading_button align=&#8221;center&#8221; heading=&#8221;TIRADORES Y U\u00d1EROS&#8221; size=&#8221;20&#8243;][vc_empty_space height=&#8221;20px&#8221; emsmh=&#8221;30px&#8221;][\/vc_column_inner][vc_column_inner width=&#8221;1\/4&#8243;][\/vc_column_inner][vc_column_inner width=&#8221;1\/4&#8243;][\/vc_column_inner][vc_column_inner width=&#8221;1\/4&#8243;][\/vc_column_inner][\/vc_row_inner][vc_empty_space height=&#8221;40px&#8221; emsmh=&#8221;30px&#8221;][\/vc_column][\/vc_row][vc_row][vc_column][vc_empty_space height=&#8221;50px&#8221; emsmh=&#8221;30px&#8221;][vc_column_text]<\/p>\n<h4 style=\"text-align: center; font-size: 28px;\">Characteristics of our doors<\/h4>\n<p>[\/vc_column_text][vc_empty_space height=&#8221;40px&#8221; emsmh=&#8221;30px&#8221;][vc_row_inner][vc_column_inner width=&#8221;1\/5&#8243; css=&#8221;.vc_custom_1612348787785{padding-right: 20px !important;padding-left: 20px !important;}&#8221;][vc_single_image image=&#8221;5071&#8243; img_size=&#8221;100&#215;100&#8243; alignment=&#8221;center&#8221;][argu_heading_button align=&#8221;center&#8221; heading=&#8221;RESISTENCIA AL RAYADO&#8221; size=&#8221;16&#8243;][vc_empty_space height=&#8221;20px&#8221; emsmh=&#8221;30px&#8221;][\/vc_column_inner][vc_column_inner width=&#8221;1\/5&#8243;][vc_single_image image=&#8221;5070&#8243; img_size=&#8221;100&#215;100&#8243; alignment=&#8221;center&#8221;][argu_heading_button align=&#8221;center&#8221; heading=&#8221;RESISTENCIA AL MANCHADO&#8221; size=&#8221;16&#8243;][vc_empty_space height=&#8221;20px&#8221; emsmh=&#8221;30px&#8221;][\/vc_column_inner][vc_column_inner width=&#8221;1\/5&#8243;][vc_single_image image=&#8221;5069&#8243; img_size=&#8221;100&#215;100&#8243; alignment=&#8221;center&#8221;][argu_heading_button align=&#8221;center&#8221; heading=&#8221;RESISTENCIA A LA HUMEDAD&#8221; size=&#8221;16&#8243;][vc_empty_space height=&#8221;20px&#8221; emsmh=&#8221;30px&#8221;][\/vc_column_inner][vc_column_inner width=&#8221;1\/5&#8243;][vc_single_image image=&#8221;5066&#8243; img_size=&#8221;100&#215;100&#8243; alignment=&#8221;center&#8221;][argu_heading_button align=&#8221;center&#8221; heading=&#8221;F\u00c1CIL LIMPIEZA&#8221; size=&#8221;16&#8243;][vc_empty_space height=&#8221;20px&#8221; emsmh=&#8221;30px&#8221;][\/vc_column_inner][vc_column_inner width=&#8221;1\/5&#8243;][vc_single_image image=&#8221;5063&#8243; img_size=&#8221;100&#215;100&#8243; alignment=&#8221;center&#8221;][argu_heading_button align=&#8221;center&#8221; heading=&#8221;CAPACIDAD AUTORECUPERACI\u00d3N&#8221; size=&#8221;16&#8243;][vc_empty_space height=&#8221;20px&#8221; emsmh=&#8221;30px&#8221;][\/vc_column_inner][\/vc_row_inner][vc_row_inner][vc_column_inner width=&#8221;1\/5&#8243; css=&#8221;.vc_custom_1612348787785{padding-right: 20px !important;padding-left: 20px !important;}&#8221;][vc_single_image image=&#8221;5064&#8243; img_size=&#8221;100&#215;100&#8243; alignment=&#8221;center&#8221;][argu_heading_button align=&#8221;center&#8221; heading=&#8221;ECO FRIENDLY&#8221; size=&#8221;16&#8243;][vc_empty_space height=&#8221;20px&#8221; emsmh=&#8221;30px&#8221;][\/vc_column_inner][vc_column_inner width=&#8221;1\/5&#8243;][vc_single_image image=&#8221;5068&#8243; img_size=&#8221;100&#215;100&#8243; alignment=&#8221;center&#8221;][argu_heading_button align=&#8221;center&#8221; heading=&#8221;PROPIEDAD ANTIBACTERIAS&#8221; size=&#8221;16&#8243;][vc_empty_space height=&#8221;20px&#8221; emsmh=&#8221;30px&#8221;][\/vc_column_inner][vc_column_inner width=&#8221;1\/5&#8243;][vc_single_image image=&#8221;5067&#8243; img_size=&#8221;100&#215;100&#8243; alignment=&#8221;center&#8221;][argu_heading_button align=&#8221;center&#8221; heading=&#8221;LARGA DURACI\u00d3N&#8221; size=&#8221;16&#8243;][vc_empty_space height=&#8221;20px&#8221; emsmh=&#8221;30px&#8221;][\/vc_column_inner][vc_column_inner width=&#8221;1\/5&#8243;][vc_single_image image=&#8221;5065&#8243; img_size=&#8221;100&#215;100&#8243; alignment=&#8221;center&#8221;][argu_heading_button align=&#8221;center&#8221; heading=&#8221;ESTABILIDAD COLOR&#8221; size=&#8221;16&#8243;][vc_empty_space height=&#8221;20px&#8221; emsmh=&#8221;30px&#8221;][\/vc_column_inner][vc_column_inner width=&#8221;1\/5&#8243;][vc_single_image image=&#8221;5062&#8243; img_size=&#8221;100&#215;100&#8243; alignment=&#8221;center&#8221;][argu_heading_button align=&#8221;center&#8221; heading=&#8221;ANTI HUELLA&#8221; size=&#8221;16&#8243;][vc_empty_space height=&#8221;20px&#8221; emsmh=&#8221;30px&#8221;][\/vc_column_inner][\/vc_row_inner][vc_empty_space height=&#8221;100px&#8221;][\/vc_column][\/vc_row]<\/p>\n","protected":false},"excerpt":{"rendered":"<p>[vc_row up_bg_fix=&#8221;yes&#8221; css=&#8221;.vc_custom_1612364752859{background-image: url(https:\/\/dommo.es\/wp-content\/uploads\/2020\/08\/nueva-colonial_0002_2030230_coc01_1648_colonial-det03.jpg?id=4711) !important;background-position: center !important;background-repeat: no-repeat !important;background-size: cover !important;}&#8221; up_overlay_row=&#8221;rgba(31,40,47,0.9)&#8221;][vc_column width=&#8221;1\/6&#8243;][\/vc_column][vc_column width=&#8221;2\/3&#8243;][vc_empty_space height=&#8221;100px&#8221; emsmh=&#8221;100px&#8221;][vc_custom_heading text=&#8221;KITCHEN DOORS&#8221; font_container=&#8221;tag:h1|text_align:center|color:%23ffffff&#8221; use_theme_fonts=&#8221;yes&#8221; el_class=&#8221;tin&#8221;][argu_separator sepopt=&#8221;simple&#8221; bordersep=&#8221;sep_border&#8221; css_animation=&#8221;appear&#8221; borderpos=&#8221;bpc&#8221; top=&#8221;10&#8243; bottom=&#8221;20&#8243; borderwidth=&#8221;62&#8243; bordercolor=&#8221;#d5ac63&#8243; bordertick=&#8221;3&#8243;][vc_custom_heading text=&#8221;&#8220;living the kitchen&#8220;&#8221; font_container=&#8221;tag:h3|text_align:center|color:%23ffffff&#8221; use_theme_fonts=&#8221;yes&#8221;][vc_empty_space height=&#8221;100px&#8221; emsmh=&#8221;80px&#8221;][\/vc_column][vc_column width=&#8221;1\/6&#8243;][\/vc_column][\/vc_row][vc_row][vc_column][vc_custom_heading text=&#8221;You are about to discover the kitchen in which you will live the most unforgettable moments of your life.&#8221; font_container=&#8221;tag:h2|text_align:center&#8221; use_theme_fonts=&#8221;yes&#8221; css=&#8221;.vc_custom_1598368980134{margin-top: 30px !important;margin-bottom: 30px !important;}&#8221;][vc_column_text]Dommo is the first Spanish company in the kitchen sector to use the Big Data as a base to create its collection. This complex study, combined to an experienced design department leads to a unique collection of &hellip; <a href=\"https:\/\/dommo.es\/en\/kitchen-doors\/\">Continued<\/a><\/p>\n","protected":false},"author":1,"featured_media":0,"parent":0,"menu_order":0,"comment_status":"closed","ping_status":"closed","template":"page-fullwidth.php","meta":[],"yoast_head":"<!-- This site is optimized with the Yoast SEO plugin v18.4.1 - https:\/\/yoast.com\/wordpress\/plugins\/seo\/ -->\n<title>Dommo Cocinas | Living the Kitchen | KITCHEN DOORS<\/title>\n<meta name=\"description\" content=\"Dise\u00f1o y fabricaci\u00f3n de cocinas | Dommo conjuga un cuidado dise\u00f1o de cocinas con los mejores materiales y el servicio de las necesidades del cliente.\" \/>\n<meta name=\"robots\" content=\"index, follow, max-snippet:-1, max-image-preview:large, max-video-preview:-1\" \/>\n<link rel=\"canonical\" href=\"https:\/\/dommo.es\/en\/kitchen-doors\/\" \/>\n<meta property=\"og:locale\" content=\"en_US\" \/>\n<meta property=\"og:type\" content=\"article\" \/>\n<meta property=\"og:title\" content=\"Dommo Cocinas | Living the Kitchen | KITCHEN DOORS\" \/>\n<meta property=\"og:description\" content=\"Dise\u00f1o y fabricaci\u00f3n de cocinas | Dommo conjuga un cuidado dise\u00f1o de cocinas con los mejores materiales y el servicio de las necesidades del cliente.\" \/>\n<meta property=\"og:url\" content=\"https:\/\/dommo.es\/en\/kitchen-doors\/\" \/>\n<meta property=\"og:site_name\" content=\"Dommo\" \/>\n<meta property=\"article:modified_time\" content=\"2022-02-09T14:40:32+00:00\" \/>\n<meta name=\"twitter:card\" content=\"summary_large_image\" \/>\n<meta name=\"twitter:label1\" content=\"Est. reading time\" \/>\n\t<meta name=\"twitter:data1\" content=\"7 minutes\" \/>\n<script type=\"application\/ld+json\" class=\"yoast-schema-graph\">{\"@context\":\"https:\/\/schema.org\",\"@graph\":[{\"@type\":\"Organization\",\"@id\":\"https:\/\/dommo.es\/#organization\",\"name\":\"Dommo\",\"url\":\"https:\/\/dommo.es\/\",\"sameAs\":[],\"logo\":{\"@type\":\"ImageObject\",\"@id\":\"https:\/\/dommo.es\/#logo\",\"inLanguage\":\"en-US\",\"url\":\"https:\/\/dommo.es\/wp-content\/uploads\/2020\/05\/dommo-logo.png\",\"contentUrl\":\"https:\/\/dommo.es\/wp-content\/uploads\/2020\/05\/dommo-logo.png\",\"width\":97,\"height\":48,\"caption\":\"Dommo\"},\"image\":{\"@id\":\"https:\/\/dommo.es\/#logo\"}},{\"@type\":\"WebSite\",\"@id\":\"https:\/\/dommo.es\/#website\",\"url\":\"https:\/\/dommo.es\/\",\"name\":\"Dommo\",\"description\":\"\",\"publisher\":{\"@id\":\"https:\/\/dommo.es\/#organization\"},\"potentialAction\":[{\"@type\":\"SearchAction\",\"target\":{\"@type\":\"EntryPoint\",\"urlTemplate\":\"https:\/\/dommo.es\/?s={search_term_string}\"},\"query-input\":\"required name=search_term_string\"}],\"inLanguage\":\"en-US\"},{\"@type\":\"WebPage\",\"@id\":\"https:\/\/dommo.es\/en\/kitchen-doors\/#webpage\",\"url\":\"https:\/\/dommo.es\/en\/kitchen-doors\/\",\"name\":\"Dommo Cocinas | Living the Kitchen | KITCHEN DOORS\",\"isPartOf\":{\"@id\":\"https:\/\/dommo.es\/#website\"},\"datePublished\":\"2021-02-03T09:07:07+00:00\",\"dateModified\":\"2022-02-09T14:40:32+00:00\",\"description\":\"Dise\u00f1o y fabricaci\u00f3n de cocinas | Dommo conjuga un cuidado dise\u00f1o de cocinas con los mejores materiales y el servicio de las necesidades del cliente.\",\"breadcrumb\":{\"@id\":\"https:\/\/dommo.es\/en\/kitchen-doors\/#breadcrumb\"},\"inLanguage\":\"en-US\",\"potentialAction\":[{\"@type\":\"ReadAction\",\"target\":[\"https:\/\/dommo.es\/en\/kitchen-doors\/\"]}]},{\"@type\":\"BreadcrumbList\",\"@id\":\"https:\/\/dommo.es\/en\/kitchen-doors\/#breadcrumb\",\"itemListElement\":[{\"@type\":\"ListItem\",\"position\":1,\"name\":\"Portada\",\"item\":\"https:\/\/dommo.es\/en\/beginning\/\"},{\"@type\":\"ListItem\",\"position\":2,\"name\":\"KITCHEN DOORS\"}]}]}<\/script>\n<!-- \/ Yoast SEO plugin. -->","yoast_head_json":{"title":"Dommo Cocinas | Living the Kitchen | KITCHEN DOORS","description":"Dise\u00f1o y fabricaci\u00f3n de cocinas | Dommo conjuga un cuidado dise\u00f1o de cocinas con los mejores materiales y el servicio de las necesidades del cliente.","robots":{"index":"index","follow":"follow","max-snippet":"max-snippet:-1","max-image-preview":"max-image-preview:large","max-video-preview":"max-video-preview:-1"},"canonical":"https:\/\/dommo.es\/en\/kitchen-doors\/","og_locale":"en_US","og_type":"article","og_title":"Dommo Cocinas | Living the Kitchen | KITCHEN DOORS","og_description":"Dise\u00f1o y fabricaci\u00f3n de cocinas | Dommo conjuga un cuidado dise\u00f1o de cocinas con los mejores materiales y el servicio de las necesidades del cliente.","og_url":"https:\/\/dommo.es\/en\/kitchen-doors\/","og_site_name":"Dommo","article_modified_time":"2022-02-09T14:40:32+00:00","twitter_card":"summary_large_image","twitter_misc":{"Est. reading time":"7 minutes"},"schema":{"@context":"https:\/\/schema.org","@graph":[{"@type":"Organization","@id":"https:\/\/dommo.es\/#organization","name":"Dommo","url":"https:\/\/dommo.es\/","sameAs":[],"logo":{"@type":"ImageObject","@id":"https:\/\/dommo.es\/#logo","inLanguage":"en-US","url":"https:\/\/dommo.es\/wp-content\/uploads\/2020\/05\/dommo-logo.png","contentUrl":"https:\/\/dommo.es\/wp-content\/uploads\/2020\/05\/dommo-logo.png","width":97,"height":48,"caption":"Dommo"},"image":{"@id":"https:\/\/dommo.es\/#logo"}},{"@type":"WebSite","@id":"https:\/\/dommo.es\/#website","url":"https:\/\/dommo.es\/","name":"Dommo","description":"","publisher":{"@id":"https:\/\/dommo.es\/#organization"},"potentialAction":[{"@type":"SearchAction","target":{"@type":"EntryPoint","urlTemplate":"https:\/\/dommo.es\/?s={search_term_string}"},"query-input":"required name=search_term_string"}],"inLanguage":"en-US"},{"@type":"WebPage","@id":"https:\/\/dommo.es\/en\/kitchen-doors\/#webpage","url":"https:\/\/dommo.es\/en\/kitchen-doors\/","name":"Dommo Cocinas | Living the Kitchen | KITCHEN DOORS","isPartOf":{"@id":"https:\/\/dommo.es\/#website"},"datePublished":"2021-02-03T09:07:07+00:00","dateModified":"2022-02-09T14:40:32+00:00","description":"Dise\u00f1o y fabricaci\u00f3n de cocinas | Dommo conjuga un cuidado dise\u00f1o de cocinas con los mejores materiales y el servicio de las necesidades del cliente.","breadcrumb":{"@id":"https:\/\/dommo.es\/en\/kitchen-doors\/#breadcrumb"},"inLanguage":"en-US","potentialAction":[{"@type":"ReadAction","target":["https:\/\/dommo.es\/en\/kitchen-doors\/"]}]},{"@type":"BreadcrumbList","@id":"https:\/\/dommo.es\/en\/kitchen-doors\/#breadcrumb","itemListElement":[{"@type":"ListItem","position":1,"name":"Portada","item":"https:\/\/dommo.es\/en\/beginning\/"},{"@type":"ListItem","position":2,"name":"KITCHEN DOORS"}]}]}},"_links":{"self":[{"href":"https:\/\/dommo.es\/en\/wp-json\/wp\/v2\/pages\/6265"}],"collection":[{"href":"https:\/\/dommo.es\/en\/wp-json\/wp\/v2\/pages"}],"about":[{"href":"https:\/\/dommo.es\/en\/wp-json\/wp\/v2\/types\/page"}],"author":[{"embeddable":true,"href":"https:\/\/dommo.es\/en\/wp-json\/wp\/v2\/users\/1"}],"replies":[{"embeddable":true,"href":"https:\/\/dommo.es\/en\/wp-json\/wp\/v2\/comments?post=6265"}],"version-history":[{"count":2,"href":"https:\/\/dommo.es\/en\/wp-json\/wp\/v2\/pages\/6265\/revisions"}],"predecessor-version":[{"id":6267,"href":"https:\/\/dommo.es\/en\/wp-json\/wp\/v2\/pages\/6265\/revisions\/6267"}],"wp:attachment":[{"href":"https:\/\/dommo.es\/en\/wp-json\/wp\/v2\/media?parent=6265"}],"curies":[{"name":"wp","href":"https:\/\/api.w.org\/{rel}","templated":true}]}}