{"id":6312,"date":"2016-01-20T13:06:47","date_gmt":"2016-01-20T13:06:47","guid":{"rendered":"https:\/\/dommo.es\/contact\/"},"modified":"2022-02-10T16:16:23","modified_gmt":"2022-02-10T16:16:23","slug":"contact","status":"publish","type":"page","link":"https:\/\/dommo.es\/en\/contact\/","title":{"rendered":"Contact"},"content":{"rendered":"<p>[vc_row css=&#8221;.vc_custom_1553293995750{background-color: #41484e !important;}&#8221;][vc_column width=&#8221;3\/4&#8243;][vc_empty_space height=&#8221;106px&#8221; emsmh=&#8221;40px&#8221;][vc_custom_heading text=&#8221;Calle Se\u00fal, 11. Pol. Ind. Martinsa.<br \/>\n28970-Humanes de Madrid&#8221; font_container=&#8221;tag:h2|text_align:left|color:%23ffffff&#8221; use_theme_fonts=&#8221;yes&#8221; el_class=&#8221;tin&#8221;][vc_column_text]<\/p>\n<p style=\"color: #fff;\">You are one step away to get the kitchen of your dreams<\/p>\n<p>[\/vc_column_text][vc_empty_space height=&#8221;107px&#8221;][\/vc_column][vc_column width=&#8221;1\/4&#8243;][vc_empty_space height=&#8221;160px&#8221;][vc_button color=&#8221;up_btn-s&#8221; bt_customcolor=&#8221;#ffffff&#8221; bg_customcolor=&#8221;#d5ac63&#8243; align=&#8221;right&#8221; title=&#8221;CONTACT&#8221; href=&#8221;#mesage&#8221; icon=&#8221;fa-arrow-down&#8221;][vc_empty_space][vc_empty_space emsmh=&#8221;40px&#8221;][\/vc_column][\/vc_row][vc_row row_type=&#8221;full&#8221;][vc_column el_class=&#8221;no padding&#8221;][vc_single_image image=&#8221;4708&#8243; img_size=&#8221;full&#8221;][vc_column_text]<iframe loading=\"lazy\" width=\"100%\" height=\"450\" frameborder=\"0\" src=\"https:\/\/www.google.com\/maps\/embed?pb=!1m18!1m12!1m3!1d3044.230296549379!2d-3.813941184608534!3d40.27063417938241!2m3!1f0!2f0!3f0!3m2!1i1024!2i768!4f13.1!3m3!1m2!1s0xd418b69222f6857%3A0x6b05825a9000c682!2sCalle%20de%20Se%C3%BAl%2C%2011%2C%2028970%20Madrid!5e0!3m2!1ses!2ses!4v1610100943716!5m2!1ses!2ses\" aria-hidden=\"false\"><\/iframe>[\/vc_column_text][\/vc_column][\/vc_row][vc_row css=&#8221;.vc_custom_1553345958497{background-color: #41484e !important;}&#8221; el_class=&#8221;shadow&#8221;][vc_column width=&#8221;1\/2&#8243; el_class=&#8221;hover main&#8221;][vc_empty_space height=&#8221;60px&#8221; emsmh=&#8221;40px&#8221;][argu_icon_text_left iconanimated_left=&#8221;faa-vertical animated-hover&#8221; firstline_left=&#8221;Email&#8221; icon_text_left=&#8221;ti-email&#8221; icontitle_left=&#8221;#ffffff&#8221; iconcolor_left=&#8221;#41484e&#8221; iconcolors_bg_l=&#8221;#ffffff&#8221;]<span style=\"color: #ffffff;\">info@dommo.es<\/span>[\/argu_icon_text_left][vc_empty_space height=&#8221;70px&#8221;][\/vc_column][vc_column width=&#8221;1\/2&#8243; el_class=&#8221;hover main&#8221;][vc_empty_space height=&#8221;60px&#8221;][argu_icon_text_left iconanimated_left=&#8221;faa-ring animated-hover&#8221; firstline_left=&#8221;Tel\u00e9fono&#8221; icon_text_left=&#8221;ti-mobile&#8221; icontitle_left=&#8221;#ffffff&#8221; iconcolor_left=&#8221;#41484e&#8221; iconcolors_bg_l=&#8221;#ffffff&#8221;]<span style=\"color: #ffffff;\">+34 91 604 10 37<\/span>[\/argu_icon_text_left][vc_empty_space height=&#8221;70px&#8221;][\/vc_column][\/vc_row][vc_row anchor_row=&#8221;mesage&#8221;][vc_column][vc_empty_space height=&#8221;106px&#8221; emsmh=&#8221;40px&#8221;][vc_custom_heading text=&#8221;Contact Us&#8221; use_theme_fonts=&#8221;yes&#8221;][vc_custom_heading text=&#8221;We are happy to answer any questions you may have in regards to our products and services&#8221; font_container=&#8221;tag:h4|text_align:left&#8221; use_theme_fonts=&#8221;yes&#8221;][vc_empty_space height=&#8221;15px&#8221;][\/vc_column][\/vc_row][vc_row][vc_column]<div role=\"form\" class=\"wpcf7\" id=\"wpcf7-f4879-o1\" lang=\"es-ES\" dir=\"ltr\">\n<div class=\"screen-reader-response\"><p role=\"status\" aria-live=\"polite\" aria-atomic=\"true\"><\/p> <ul><\/ul><\/div>\n<form action=\"\/en\/wp-json\/wp\/v2\/pages\/6312#wpcf7-f4879-o1\" method=\"post\" class=\"wpcf7-form init\" novalidate=\"novalidate\" data-status=\"init\">\n<div style=\"display: none;\">\n<input type=\"hidden\" name=\"_wpcf7\" value=\"4879\" \/>\n<input type=\"hidden\" name=\"_wpcf7_version\" value=\"5.5.6\" \/>\n<input type=\"hidden\" name=\"_wpcf7_locale\" value=\"es_ES\" \/>\n<input type=\"hidden\" name=\"_wpcf7_unit_tag\" value=\"wpcf7-f4879-o1\" \/>\n<input type=\"hidden\" name=\"_wpcf7_container_post\" value=\"0\" \/>\n<input type=\"hidden\" name=\"_wpcf7_posted_data_hash\" value=\"\" \/>\n<input type=\"hidden\" name=\"_wpcf7_recaptcha_response\" value=\"\" \/>\n<\/div>\n<div id=\"form2\">\n<div id=\"up-column3\">\n<div class=\"up-column\">\n<div class=\"up-column-inner\"><span class=\"wpcf7-form-control-wrap your-name\"><input type=\"text\" name=\"your-name\" value=\"\" size=\"40\" class=\"wpcf7-form-control wpcf7-text wpcf7-validates-as-required\" aria-required=\"true\" aria-invalid=\"false\" placeholder=\"Nombre\" \/><\/span><\/div>\n<\/div>\n<div class=\"up-column\">\n<div class=\"up-column-inner\"><span class=\"wpcf7-form-control-wrap your-email\"><input type=\"email\" name=\"your-email\" value=\"\" size=\"40\" class=\"wpcf7-form-control wpcf7-text wpcf7-email wpcf7-validates-as-required wpcf7-validates-as-email\" aria-required=\"true\" aria-invalid=\"false\" placeholder=\"Email\" \/><\/span><\/div>\n<\/div>\n<div class=\"up-column\">\n<div class=\"up-column-inner last\"><span class=\"wpcf7-form-control-wrap your-subject\"><input type=\"text\" name=\"your-subject\" value=\"\" size=\"40\" class=\"wpcf7-form-control wpcf7-text wpcf7-validates-as-required\" aria-required=\"true\" aria-invalid=\"false\" placeholder=\"Asunto\" \/><\/span><\/div>\n<\/div>\n<\/div>\n<p> <span class=\"wpcf7-form-control-wrap your-message\"><textarea name=\"your-message\" cols=\"40\" rows=\"10\" class=\"wpcf7-form-control wpcf7-textarea\" aria-invalid=\"false\" placeholder=\"Mensaje\"><\/textarea><\/span> <\/p>\n<p>La finalidad y uso previsto tanto de los datos en s\u00ed mismos como de su tratamiento, es prestarle el servicio solicitado. A continuaci\u00f3n podr\u00e1 aceptar las finalidades que crea convenientes marcando su casilla correspondiente y clicando en el bot\u00f3n ENVIAR, tenga en cuenta que algunas finalidades pueden ser necesarias para poderle prestar el servicio, en el caso de NO marcar dichas casillas, no se podr\u00e1 prestar el servicio asociado.<\/p>\n<p><span class=\"wpcf7-form-control-wrap acceptance-284\"><span class=\"wpcf7-form-control wpcf7-acceptance\"><span class=\"wpcf7-list-item\"><input type=\"checkbox\" name=\"acceptance-284\" value=\"1\" aria-invalid=\"false\" \/><\/span><\/span><\/span> Consiento la contestaci\u00f3n a la informaci\u00f3n solicitada* (Si acepta el tratamiento de sus datos con esta finalidad marque esta casilla)<\/p>\n<p><span class=\"wpcf7-form-control-wrap acceptance-284\"><span class=\"wpcf7-form-control wpcf7-acceptance optional\"><span class=\"wpcf7-list-item\"><input type=\"checkbox\" name=\"acceptance-284\" value=\"1\" aria-invalid=\"false\" \/><\/span><\/span><\/span> Env\u00edo de ofertas de productos y servicios de su inter\u00e9s (Si acepta el tratamiento de sus datos con esta finalidad marque esta casilla)<\/p>\n<p><input type=\"submit\" value=\"ENVIAR\" class=\"wpcf7-form-control has-spinner wpcf7-submit\" \/> <\/p><\/div>\n<div class=\"wpcf7-response-output\" aria-hidden=\"true\"><\/div><\/form><\/div>[vc_empty_space height=&#8221;95px&#8221;][\/vc_column][\/vc_row]<\/p>\n","protected":false},"excerpt":{"rendered":"<p>[vc_row css=&#8221;.vc_custom_1553293995750{background-color: #41484e !important;}&#8221;][vc_column width=&#8221;3\/4&#8243;][vc_empty_space height=&#8221;106px&#8221; emsmh=&#8221;40px&#8221;][vc_custom_heading text=&#8221;Calle Se\u00fal, 11. Pol. Ind. Martinsa. 28970-Humanes de Madrid&#8221; font_container=&#8221;tag:h2|text_align:left|color:%23ffffff&#8221; use_theme_fonts=&#8221;yes&#8221; el_class=&#8221;tin&#8221;][vc_column_text] You are one step away to get the kitchen of your dreams [\/vc_column_text][vc_empty_space height=&#8221;107px&#8221;][\/vc_column][vc_column width=&#8221;1\/4&#8243;][vc_empty_space height=&#8221;160px&#8221;][vc_button color=&#8221;up_btn-s&#8221; bt_customcolor=&#8221;#ffffff&#8221; bg_customcolor=&#8221;#d5ac63&#8243; align=&#8221;right&#8221; title=&#8221;CONTACT&#8221; href=&#8221;#mesage&#8221; icon=&#8221;fa-arrow-down&#8221;][vc_empty_space][vc_empty_space emsmh=&#8221;40px&#8221;][\/vc_column][\/vc_row][vc_row row_type=&#8221;full&#8221;][vc_column el_class=&#8221;no padding&#8221;][vc_single_image image=&#8221;4708&#8243; img_size=&#8221;full&#8221;][vc_column_text][\/vc_column_text][\/vc_column][\/vc_row][vc_row css=&#8221;.vc_custom_1553345958497{background-color: #41484e !important;}&#8221; el_class=&#8221;shadow&#8221;][vc_column width=&#8221;1\/2&#8243; el_class=&#8221;hover main&#8221;][vc_empty_space height=&#8221;60px&#8221; emsmh=&#8221;40px&#8221;][argu_icon_text_left iconanimated_left=&#8221;faa-vertical animated-hover&#8221; firstline_left=&#8221;Email&#8221; icon_text_left=&#8221;ti-email&#8221; icontitle_left=&#8221;#ffffff&#8221; iconcolor_left=&#8221;#41484e&#8221; iconcolors_bg_l=&#8221;#ffffff&#8221;]info@dommo.es[\/argu_icon_text_left][vc_empty_space height=&#8221;70px&#8221;][\/vc_column][vc_column width=&#8221;1\/2&#8243; el_class=&#8221;hover main&#8221;][vc_empty_space height=&#8221;60px&#8221;][argu_icon_text_left iconanimated_left=&#8221;faa-ring animated-hover&#8221; firstline_left=&#8221;Tel\u00e9fono&#8221; icon_text_left=&#8221;ti-mobile&#8221; icontitle_left=&#8221;#ffffff&#8221; iconcolor_left=&#8221;#41484e&#8221; iconcolors_bg_l=&#8221;#ffffff&#8221;]+34 91 604 10 37[\/argu_icon_text_left][vc_empty_space height=&#8221;70px&#8221;][\/vc_column][\/vc_row][vc_row anchor_row=&#8221;mesage&#8221;][vc_column][vc_empty_space height=&#8221;106px&#8221; emsmh=&#8221;40px&#8221;][vc_custom_heading text=&#8221;Contact Us&#8221; use_theme_fonts=&#8221;yes&#8221;][vc_custom_heading text=&#8221;We are happy to answer any questions you may have in regards to &hellip; <a href=\"https:\/\/dommo.es\/en\/contact\/\">Continued<\/a><\/p>\n","protected":false},"author":1,"featured_media":0,"parent":0,"menu_order":0,"comment_status":"closed","ping_status":"closed","template":"page-fullwidth.php","meta":[],"yoast_head":"<!-- This site is optimized with the Yoast SEO plugin v18.4.1 - https:\/\/yoast.com\/wordpress\/plugins\/seo\/ -->\n<title>Dommo Cocinas | Living the Kitchen | Contact<\/title>\n<meta name=\"description\" content=\"Dise\u00f1o y fabricaci\u00f3n de cocinas | Dommo conjuga un cuidado dise\u00f1o de cocinas con los mejores materiales y el servicio de las necesidades del cliente.\" \/>\n<meta name=\"robots\" content=\"index, follow, max-snippet:-1, max-image-preview:large, max-video-preview:-1\" \/>\n<link rel=\"canonical\" href=\"https:\/\/dommo.es\/en\/contact\/\" \/>\n<meta property=\"og:locale\" content=\"en_US\" \/>\n<meta property=\"og:type\" content=\"article\" \/>\n<meta property=\"og:title\" content=\"Dommo Cocinas | Living the Kitchen | Contact\" \/>\n<meta property=\"og:description\" content=\"Dise\u00f1o y fabricaci\u00f3n de cocinas | Dommo conjuga un cuidado dise\u00f1o de cocinas con los mejores materiales y el servicio de las necesidades del cliente.\" \/>\n<meta property=\"og:url\" content=\"https:\/\/dommo.es\/en\/contact\/\" \/>\n<meta property=\"og:site_name\" content=\"Dommo\" \/>\n<meta property=\"article:modified_time\" content=\"2022-02-10T16:16:23+00:00\" \/>\n<meta name=\"twitter:card\" content=\"summary_large_image\" \/>\n<meta name=\"twitter:label1\" content=\"Est. reading time\" \/>\n\t<meta name=\"twitter:data1\" content=\"2 minutes\" \/>\n<script type=\"application\/ld+json\" class=\"yoast-schema-graph\">{\"@context\":\"https:\/\/schema.org\",\"@graph\":[{\"@type\":\"Organization\",\"@id\":\"https:\/\/dommo.es\/#organization\",\"name\":\"Dommo\",\"url\":\"https:\/\/dommo.es\/\",\"sameAs\":[],\"logo\":{\"@type\":\"ImageObject\",\"@id\":\"https:\/\/dommo.es\/#logo\",\"inLanguage\":\"en-US\",\"url\":\"https:\/\/dommo.es\/wp-content\/uploads\/2020\/05\/dommo-logo.png\",\"contentUrl\":\"https:\/\/dommo.es\/wp-content\/uploads\/2020\/05\/dommo-logo.png\",\"width\":97,\"height\":48,\"caption\":\"Dommo\"},\"image\":{\"@id\":\"https:\/\/dommo.es\/#logo\"}},{\"@type\":\"WebSite\",\"@id\":\"https:\/\/dommo.es\/#website\",\"url\":\"https:\/\/dommo.es\/\",\"name\":\"Dommo\",\"description\":\"\",\"publisher\":{\"@id\":\"https:\/\/dommo.es\/#organization\"},\"potentialAction\":[{\"@type\":\"SearchAction\",\"target\":{\"@type\":\"EntryPoint\",\"urlTemplate\":\"https:\/\/dommo.es\/?s={search_term_string}\"},\"query-input\":\"required name=search_term_string\"}],\"inLanguage\":\"en-US\"},{\"@type\":\"WebPage\",\"@id\":\"https:\/\/dommo.es\/en\/contact\/#webpage\",\"url\":\"https:\/\/dommo.es\/en\/contact\/\",\"name\":\"Dommo Cocinas | Living the Kitchen | Contact\",\"isPartOf\":{\"@id\":\"https:\/\/dommo.es\/#website\"},\"datePublished\":\"2016-01-20T13:06:47+00:00\",\"dateModified\":\"2022-02-10T16:16:23+00:00\",\"description\":\"Dise\u00f1o y fabricaci\u00f3n de cocinas | Dommo conjuga un cuidado dise\u00f1o de cocinas con los mejores materiales y el servicio de las necesidades del cliente.\",\"breadcrumb\":{\"@id\":\"https:\/\/dommo.es\/en\/contact\/#breadcrumb\"},\"inLanguage\":\"en-US\",\"potentialAction\":[{\"@type\":\"ReadAction\",\"target\":[\"https:\/\/dommo.es\/en\/contact\/\"]}]},{\"@type\":\"BreadcrumbList\",\"@id\":\"https:\/\/dommo.es\/en\/contact\/#breadcrumb\",\"itemListElement\":[{\"@type\":\"ListItem\",\"position\":1,\"name\":\"Portada\",\"item\":\"https:\/\/dommo.es\/en\/beginning\/\"},{\"@type\":\"ListItem\",\"position\":2,\"name\":\"Contact\"}]}]}<\/script>\n<!-- \/ Yoast SEO plugin. -->","yoast_head_json":{"title":"Dommo Cocinas | Living the Kitchen | Contact","description":"Dise\u00f1o y fabricaci\u00f3n de cocinas | Dommo conjuga un cuidado dise\u00f1o de cocinas con los mejores materiales y el servicio de las necesidades del cliente.","robots":{"index":"index","follow":"follow","max-snippet":"max-snippet:-1","max-image-preview":"max-image-preview:large","max-video-preview":"max-video-preview:-1"},"canonical":"https:\/\/dommo.es\/en\/contact\/","og_locale":"en_US","og_type":"article","og_title":"Dommo Cocinas | Living the Kitchen | Contact","og_description":"Dise\u00f1o y fabricaci\u00f3n de cocinas | Dommo conjuga un cuidado dise\u00f1o de cocinas con los mejores materiales y el servicio de las necesidades del cliente.","og_url":"https:\/\/dommo.es\/en\/contact\/","og_site_name":"Dommo","article_modified_time":"2022-02-10T16:16:23+00:00","twitter_card":"summary_large_image","twitter_misc":{"Est. reading time":"2 minutes"},"schema":{"@context":"https:\/\/schema.org","@graph":[{"@type":"Organization","@id":"https:\/\/dommo.es\/#organization","name":"Dommo","url":"https:\/\/dommo.es\/","sameAs":[],"logo":{"@type":"ImageObject","@id":"https:\/\/dommo.es\/#logo","inLanguage":"en-US","url":"https:\/\/dommo.es\/wp-content\/uploads\/2020\/05\/dommo-logo.png","contentUrl":"https:\/\/dommo.es\/wp-content\/uploads\/2020\/05\/dommo-logo.png","width":97,"height":48,"caption":"Dommo"},"image":{"@id":"https:\/\/dommo.es\/#logo"}},{"@type":"WebSite","@id":"https:\/\/dommo.es\/#website","url":"https:\/\/dommo.es\/","name":"Dommo","description":"","publisher":{"@id":"https:\/\/dommo.es\/#organization"},"potentialAction":[{"@type":"SearchAction","target":{"@type":"EntryPoint","urlTemplate":"https:\/\/dommo.es\/?s={search_term_string}"},"query-input":"required name=search_term_string"}],"inLanguage":"en-US"},{"@type":"WebPage","@id":"https:\/\/dommo.es\/en\/contact\/#webpage","url":"https:\/\/dommo.es\/en\/contact\/","name":"Dommo Cocinas | Living the Kitchen | Contact","isPartOf":{"@id":"https:\/\/dommo.es\/#website"},"datePublished":"2016-01-20T13:06:47+00:00","dateModified":"2022-02-10T16:16:23+00:00","description":"Dise\u00f1o y fabricaci\u00f3n de cocinas | Dommo conjuga un cuidado dise\u00f1o de cocinas con los mejores materiales y el servicio de las necesidades del cliente.","breadcrumb":{"@id":"https:\/\/dommo.es\/en\/contact\/#breadcrumb"},"inLanguage":"en-US","potentialAction":[{"@type":"ReadAction","target":["https:\/\/dommo.es\/en\/contact\/"]}]},{"@type":"BreadcrumbList","@id":"https:\/\/dommo.es\/en\/contact\/#breadcrumb","itemListElement":[{"@type":"ListItem","position":1,"name":"Portada","item":"https:\/\/dommo.es\/en\/beginning\/"},{"@type":"ListItem","position":2,"name":"Contact"}]}]}},"_links":{"self":[{"href":"https:\/\/dommo.es\/en\/wp-json\/wp\/v2\/pages\/6312"}],"collection":[{"href":"https:\/\/dommo.es\/en\/wp-json\/wp\/v2\/pages"}],"about":[{"href":"https:\/\/dommo.es\/en\/wp-json\/wp\/v2\/types\/page"}],"author":[{"embeddable":true,"href":"https:\/\/dommo.es\/en\/wp-json\/wp\/v2\/users\/1"}],"replies":[{"embeddable":true,"href":"https:\/\/dommo.es\/en\/wp-json\/wp\/v2\/comments?post=6312"}],"version-history":[{"count":4,"href":"https:\/\/dommo.es\/en\/wp-json\/wp\/v2\/pages\/6312\/revisions"}],"predecessor-version":[{"id":6320,"href":"https:\/\/dommo.es\/en\/wp-json\/wp\/v2\/pages\/6312\/revisions\/6320"}],"wp:attachment":[{"href":"https:\/\/dommo.es\/en\/wp-json\/wp\/v2\/media?parent=6312"}],"curies":[{"name":"wp","href":"https:\/\/api.w.org\/{rel}","templated":true}]}}