{"id":6315,"date":"2020-09-14T16:36:47","date_gmt":"2020-09-14T16:36:47","guid":{"rendered":"https:\/\/dommo.es\/catalog\/"},"modified":"2022-02-10T15:54:46","modified_gmt":"2022-02-10T15:54:46","slug":"catalog","status":"publish","type":"page","link":"https:\/\/dommo.es\/en\/catalog\/","title":{"rendered":"Catalog"},"content":{"rendered":"<p>[vc_row equal_height=&#8221;yes&#8221; row_type=&#8221;full&#8221; css=&#8221;.vc_custom_1550601539825{background-position: center !important;background-repeat: no-repeat !important;background-size: cover !important;}&#8221;][vc_column width=&#8221;1\/2&#8243; css=&#8221;.vc_custom_1600101342383{background-color: #41484e !important;}&#8221;][vc_single_image image=&#8221;4907&#8243; img_size=&#8221;full&#8221;][\/vc_column][vc_column width=&#8221;1\/2&#8243; css=&#8221;.vc_custom_1553289769443{padding-right: 10% !important;padding-left: 10% !important;background-color: #34393f !important;}&#8221;][vc_empty_space height=&#8221;100px&#8221; emsmh=&#8221;40px&#8221;][vc_custom_heading text=&#8221;WE ARE FINALIZING OUR CATALOG&#8221; font_container=&#8221;tag:h6|text_align:left|color:%23ffffff&#8221; use_theme_fonts=&#8221;yes&#8221; el_class=&#8221;tin&#8221; css=&#8221;.vc_custom_1600103145365{margin-bottom: 20px !important;}&#8221;][argu_separator sepopt=&#8221;simple&#8221; bordersep=&#8221;sep_border&#8221; css_animation=&#8221;appear&#8221; top=&#8221;15&#8243; bottom=&#8221;15&#8243; borderwidth=&#8221;62&#8243; bordercolor=&#8221;#d5ac63&#8243; bordertick=&#8221;3&#8243;][vc_custom_heading text=&#8221;Our catalog will soon be available, leave us your email and we will notify you when it is ready.&#8221; font_container=&#8221;tag:h2|text_align:left|color:%23ffffff&#8221; use_theme_fonts=&#8221;yes&#8221; css=&#8221;.vc_custom_1600103081114{margin-bottom: 15px !important;}&#8221; el_class=&#8221;tin&#8221;][vc_column_text][sibwp_form id=&#8221;2&#8243;][\/vc_column_text][vc_empty_space height=&#8221;100px&#8221; emsmh=&#8221;55px&#8221;][\/vc_column][\/vc_row]<\/p>\n","protected":false},"excerpt":{"rendered":"<p>[vc_row equal_height=&#8221;yes&#8221; row_type=&#8221;full&#8221; css=&#8221;.vc_custom_1550601539825{background-position: center !important;background-repeat: no-repeat !important;background-size: cover !important;}&#8221;][vc_column width=&#8221;1\/2&#8243; css=&#8221;.vc_custom_1600101342383{background-color: #41484e !important;}&#8221;][vc_single_image image=&#8221;4907&#8243; img_size=&#8221;full&#8221;][\/vc_column][vc_column width=&#8221;1\/2&#8243; css=&#8221;.vc_custom_1553289769443{padding-right: 10% !important;padding-left: 10% !important;background-color: #34393f !important;}&#8221;][vc_empty_space height=&#8221;100px&#8221; emsmh=&#8221;40px&#8221;][vc_custom_heading text=&#8221;WE ARE FINALIZING OUR CATALOG&#8221; font_container=&#8221;tag:h6|text_align:left|color:%23ffffff&#8221; use_theme_fonts=&#8221;yes&#8221; el_class=&#8221;tin&#8221; css=&#8221;.vc_custom_1600103145365{margin-bottom: 20px !important;}&#8221;][argu_separator sepopt=&#8221;simple&#8221; bordersep=&#8221;sep_border&#8221; css_animation=&#8221;appear&#8221; top=&#8221;15&#8243; bottom=&#8221;15&#8243; borderwidth=&#8221;62&#8243; bordercolor=&#8221;#d5ac63&#8243; bordertick=&#8221;3&#8243;][vc_custom_heading text=&#8221;Our catalog will soon be available, leave us your email and we will notify you when it is ready.&#8221; font_container=&#8221;tag:h2|text_align:left|color:%23ffffff&#8221; use_theme_fonts=&#8221;yes&#8221; css=&#8221;.vc_custom_1600103081114{margin-bottom: 15px !important;}&#8221; el_class=&#8221;tin&#8221;][vc_column_text][sibwp_form id=&#8221;2&#8243;][\/vc_column_text][vc_empty_space height=&#8221;100px&#8221; emsmh=&#8221;55px&#8221;][\/vc_column][\/vc_row]<\/p>\n","protected":false},"author":1,"featured_media":0,"parent":0,"menu_order":0,"comment_status":"closed","ping_status":"closed","template":"page-fullwidth.php","meta":[],"yoast_head":"<!-- This site is optimized with the Yoast SEO plugin v18.4.1 - https:\/\/yoast.com\/wordpress\/plugins\/seo\/ -->\n<title>Dommo Cocinas | Living the Kitchen | Catalog<\/title>\n<meta name=\"description\" content=\"Dise\u00f1o y fabricaci\u00f3n de cocinas | Dommo conjuga un cuidado dise\u00f1o de cocinas con los mejores materiales y el servicio de las necesidades del cliente.\" \/>\n<meta name=\"robots\" content=\"index, follow, max-snippet:-1, max-image-preview:large, max-video-preview:-1\" \/>\n<link rel=\"canonical\" href=\"https:\/\/dommo.es\/en\/catalog\/\" \/>\n<meta property=\"og:locale\" content=\"en_US\" \/>\n<meta property=\"og:type\" content=\"article\" \/>\n<meta property=\"og:title\" content=\"Dommo Cocinas | Living the Kitchen | Catalog\" \/>\n<meta property=\"og:description\" content=\"Dise\u00f1o y fabricaci\u00f3n de cocinas | Dommo conjuga un cuidado dise\u00f1o de cocinas con los mejores materiales y el servicio de las necesidades del cliente.\" \/>\n<meta property=\"og:url\" content=\"https:\/\/dommo.es\/en\/catalog\/\" \/>\n<meta property=\"og:site_name\" content=\"Dommo\" \/>\n<meta property=\"article:modified_time\" content=\"2022-02-10T15:54:46+00:00\" \/>\n<meta name=\"twitter:card\" content=\"summary_large_image\" \/>\n<meta name=\"twitter:label1\" content=\"Est. reading time\" \/>\n\t<meta name=\"twitter:data1\" content=\"1 minute\" \/>\n<script type=\"application\/ld+json\" class=\"yoast-schema-graph\">{\"@context\":\"https:\/\/schema.org\",\"@graph\":[{\"@type\":\"Organization\",\"@id\":\"https:\/\/dommo.es\/#organization\",\"name\":\"Dommo\",\"url\":\"https:\/\/dommo.es\/\",\"sameAs\":[],\"logo\":{\"@type\":\"ImageObject\",\"@id\":\"https:\/\/dommo.es\/#logo\",\"inLanguage\":\"en-US\",\"url\":\"https:\/\/dommo.es\/wp-content\/uploads\/2020\/05\/dommo-logo.png\",\"contentUrl\":\"https:\/\/dommo.es\/wp-content\/uploads\/2020\/05\/dommo-logo.png\",\"width\":97,\"height\":48,\"caption\":\"Dommo\"},\"image\":{\"@id\":\"https:\/\/dommo.es\/#logo\"}},{\"@type\":\"WebSite\",\"@id\":\"https:\/\/dommo.es\/#website\",\"url\":\"https:\/\/dommo.es\/\",\"name\":\"Dommo\",\"description\":\"\",\"publisher\":{\"@id\":\"https:\/\/dommo.es\/#organization\"},\"potentialAction\":[{\"@type\":\"SearchAction\",\"target\":{\"@type\":\"EntryPoint\",\"urlTemplate\":\"https:\/\/dommo.es\/?s={search_term_string}\"},\"query-input\":\"required name=search_term_string\"}],\"inLanguage\":\"en-US\"},{\"@type\":\"WebPage\",\"@id\":\"https:\/\/dommo.es\/en\/catalog\/#webpage\",\"url\":\"https:\/\/dommo.es\/en\/catalog\/\",\"name\":\"Dommo Cocinas | Living the Kitchen | Catalog\",\"isPartOf\":{\"@id\":\"https:\/\/dommo.es\/#website\"},\"datePublished\":\"2020-09-14T16:36:47+00:00\",\"dateModified\":\"2022-02-10T15:54:46+00:00\",\"description\":\"Dise\u00f1o y fabricaci\u00f3n de cocinas | Dommo conjuga un cuidado dise\u00f1o de cocinas con los mejores materiales y el servicio de las necesidades del cliente.\",\"breadcrumb\":{\"@id\":\"https:\/\/dommo.es\/en\/catalog\/#breadcrumb\"},\"inLanguage\":\"en-US\",\"potentialAction\":[{\"@type\":\"ReadAction\",\"target\":[\"https:\/\/dommo.es\/en\/catalog\/\"]}]},{\"@type\":\"BreadcrumbList\",\"@id\":\"https:\/\/dommo.es\/en\/catalog\/#breadcrumb\",\"itemListElement\":[{\"@type\":\"ListItem\",\"position\":1,\"name\":\"Portada\",\"item\":\"https:\/\/dommo.es\/en\/beginning\/\"},{\"@type\":\"ListItem\",\"position\":2,\"name\":\"Catalog\"}]}]}<\/script>\n<!-- \/ Yoast SEO plugin. -->","yoast_head_json":{"title":"Dommo Cocinas | Living the Kitchen | Catalog","description":"Dise\u00f1o y fabricaci\u00f3n de cocinas | Dommo conjuga un cuidado dise\u00f1o de cocinas con los mejores materiales y el servicio de las necesidades del cliente.","robots":{"index":"index","follow":"follow","max-snippet":"max-snippet:-1","max-image-preview":"max-image-preview:large","max-video-preview":"max-video-preview:-1"},"canonical":"https:\/\/dommo.es\/en\/catalog\/","og_locale":"en_US","og_type":"article","og_title":"Dommo Cocinas | Living the Kitchen | Catalog","og_description":"Dise\u00f1o y fabricaci\u00f3n de cocinas | Dommo conjuga un cuidado dise\u00f1o de cocinas con los mejores materiales y el servicio de las necesidades del cliente.","og_url":"https:\/\/dommo.es\/en\/catalog\/","og_site_name":"Dommo","article_modified_time":"2022-02-10T15:54:46+00:00","twitter_card":"summary_large_image","twitter_misc":{"Est. reading time":"1 minute"},"schema":{"@context":"https:\/\/schema.org","@graph":[{"@type":"Organization","@id":"https:\/\/dommo.es\/#organization","name":"Dommo","url":"https:\/\/dommo.es\/","sameAs":[],"logo":{"@type":"ImageObject","@id":"https:\/\/dommo.es\/#logo","inLanguage":"en-US","url":"https:\/\/dommo.es\/wp-content\/uploads\/2020\/05\/dommo-logo.png","contentUrl":"https:\/\/dommo.es\/wp-content\/uploads\/2020\/05\/dommo-logo.png","width":97,"height":48,"caption":"Dommo"},"image":{"@id":"https:\/\/dommo.es\/#logo"}},{"@type":"WebSite","@id":"https:\/\/dommo.es\/#website","url":"https:\/\/dommo.es\/","name":"Dommo","description":"","publisher":{"@id":"https:\/\/dommo.es\/#organization"},"potentialAction":[{"@type":"SearchAction","target":{"@type":"EntryPoint","urlTemplate":"https:\/\/dommo.es\/?s={search_term_string}"},"query-input":"required name=search_term_string"}],"inLanguage":"en-US"},{"@type":"WebPage","@id":"https:\/\/dommo.es\/en\/catalog\/#webpage","url":"https:\/\/dommo.es\/en\/catalog\/","name":"Dommo Cocinas | Living the Kitchen | Catalog","isPartOf":{"@id":"https:\/\/dommo.es\/#website"},"datePublished":"2020-09-14T16:36:47+00:00","dateModified":"2022-02-10T15:54:46+00:00","description":"Dise\u00f1o y fabricaci\u00f3n de cocinas | Dommo conjuga un cuidado dise\u00f1o de cocinas con los mejores materiales y el servicio de las necesidades del cliente.","breadcrumb":{"@id":"https:\/\/dommo.es\/en\/catalog\/#breadcrumb"},"inLanguage":"en-US","potentialAction":[{"@type":"ReadAction","target":["https:\/\/dommo.es\/en\/catalog\/"]}]},{"@type":"BreadcrumbList","@id":"https:\/\/dommo.es\/en\/catalog\/#breadcrumb","itemListElement":[{"@type":"ListItem","position":1,"name":"Portada","item":"https:\/\/dommo.es\/en\/beginning\/"},{"@type":"ListItem","position":2,"name":"Catalog"}]}]}},"_links":{"self":[{"href":"https:\/\/dommo.es\/en\/wp-json\/wp\/v2\/pages\/6315"}],"collection":[{"href":"https:\/\/dommo.es\/en\/wp-json\/wp\/v2\/pages"}],"about":[{"href":"https:\/\/dommo.es\/en\/wp-json\/wp\/v2\/types\/page"}],"author":[{"embeddable":true,"href":"https:\/\/dommo.es\/en\/wp-json\/wp\/v2\/users\/1"}],"replies":[{"embeddable":true,"href":"https:\/\/dommo.es\/en\/wp-json\/wp\/v2\/comments?post=6315"}],"version-history":[{"count":2,"href":"https:\/\/dommo.es\/en\/wp-json\/wp\/v2\/pages\/6315\/revisions"}],"predecessor-version":[{"id":6317,"href":"https:\/\/dommo.es\/en\/wp-json\/wp\/v2\/pages\/6315\/revisions\/6317"}],"wp:attachment":[{"href":"https:\/\/dommo.es\/en\/wp-json\/wp\/v2\/media?parent=6315"}],"curies":[{"name":"wp","href":"https:\/\/api.w.org\/{rel}","templated":true}]}}